{"id":1860,"date":"2013-01-01T00:00:41","date_gmt":"2012-12-31T23:00:41","guid":{"rendered":"http:\/\/www.semanasantamarbella.com\/semanasanta\/?page_id=1860"},"modified":"2022-03-14T20:09:31","modified_gmt":"2022-03-14T19:09:31","slug":"editorial","status":"publish","type":"page","link":"http:\/\/www.semanasantamarbella.com\/semanasanta\/editorial\/","title":{"rendered":""},"content":{"rendered":"<h2>SIEMPRE SUCEDE EN PRIMAVERA<\/h2>\n<p><em>FRANCISCO MOYANO<\/em><\/p>\n<p>M\u00e1s cercano al comienzo de la estaci\u00f3n o m\u00e1s adentrado en su transcurso, la Semana Santa llama a la puerta de los creyentes, de los seguidores de Jes\u00fas de Nazaret. Pero, junto a la llamada y respuesta, desde la fe, tambi\u00e9n el inter\u00e9s que suscita en amplios sectores de la sociedad un periodo como la Semana de Pasi\u00f3n. El componente vacacional es evidente y en lugares que dependen en gran medida del turismo, como es el caso de Marbella, el comportamiento de los d\u00edas festivos de la Semana Santa con respecto al nivel de ocupaci\u00f3n hotelera o residencial, es la clave para vaticinar c\u00f3mo ser\u00e1 el resto del a\u00f1o y no solamente el verano, como ocurr\u00eda cuando el turismo era eminentemente estacional. Pero las hermandades y cofrad\u00edas expresan tambi\u00e9n una dimensi\u00f3n cultural que se diversifica en los rituales, la ocupaci\u00f3n de las calles, la forma de vivir de acontecimientos recordados adentr\u00e1ndose en el origen del cristianismo y en la exhibici\u00f3n de sus tallas y enseres; verdaderamente arte en las calles.<\/p>\n<p>La Semana Santa cofrade de Marbella, aunque sus or\u00edgenes se puedan remontar (documentalmente) al siglo XVIII, pero con la seguridad de que surgi\u00f3 mucho antes, no puede ser comparada ni con la de M\u00e1laga ni la de Sevilla u otros pueblos y ciudades de la provincia. Una se\u00f1a de identidad resulta innegable: nuestras cofrad\u00edas nacen, se desarrollan, se adaptan, se desenvuelven entre luces y sombras, en torno a las calles (por lo general estrechas) del Casco Antiguo y en las calles que antiguamente constitu\u00edan el extramuro de la vieja ciudadela.<\/p>\n<p>Contemplar la Semana Santa de Marbella es partir de la Iglesia Parroquial de Santa Mar\u00eda de la Encarnaci\u00f3n y adentrarse en calles como Carmen, Virgen de los Dolores, Ancha, San Francisco, Aduar, Chorr\u00f3n, Lobatas, Peral, Huerta Chica, Atarazanas\u2026 Es asombrarse con la grandeza, sustentada en la sencillez, de \u00e1mbitos religiosos (hoy tambi\u00e9n cofrades) como la Capilla de San Juan de Dios, de Santiago, Iglesia del Santo Cristo de la Veracruz y la Ermita del Calvario. Es contrastar la solera de la Encarnaci\u00f3n, como una de las primeras parroquias erigidas en la Marbella que volv\u00eda al Cristianismo, con el sentimiento religioso del fundador de San Pedro Alc\u00e1ntara, Marqu\u00e9s del Duero, que mand\u00f3 levantar el tempo Parroquial desde donde la expresi\u00f3n cofrade penitencia cada Semana de Pasi\u00f3n. Y en Nueva Andaluc\u00eda, desde la Virgen Madre, la voluntad de un grupo de mujeres y hombres que mantienen a su cofrad\u00eda.<\/p>\n<p>Desde este lugar en la red de Internet, la v\u00eda m\u00e1s eficaz en este siglo XXI que avanza a pasos agigantados, pretendemos ser una ventana abierta a la Semana Santa de Marbella, de San Pedro, de Nueva Andaluc\u00eda; diversidad dentro de un mismo t\u00e9rmino municipal. As\u00f3mense a la ventada y d\u00e9jense llevar por los olores, los sonidos y tambi\u00e9n los silencios.<\/p>\n","protected":false},"excerpt":{"rendered":"<p>SIEMPRE SUCEDE EN PRIMAVERA FRANCISCO MOYANO M\u00e1s cercano&#8230;<\/p>\n","protected":false},"author":1,"featured_media":0,"parent":0,"menu_order":0,"comment_status":"closed","ping_status":"open","template":"","meta":[],"_links":{"self":[{"href":"http:\/\/www.semanasantamarbella.com\/semanasanta\/wp-json\/wp\/v2\/pages\/1860"}],"collection":[{"href":"http:\/\/www.semanasantamarbella.com\/semanasanta\/wp-json\/wp\/v2\/pages"}],"about":[{"href":"http:\/\/www.semanasantamarbella.com\/semanasanta\/wp-json\/wp\/v2\/types\/page"}],"author":[{"embeddable":true,"href":"http:\/\/www.semanasantamarbella.com\/semanasanta\/wp-json\/wp\/v2\/users\/1"}],"replies":[{"embeddable":true,"href":"http:\/\/www.semanasantamarbella.com\/semanasanta\/wp-json\/wp\/v2\/comments?post=1860"}],"version-history":[{"count":6,"href":"http:\/\/www.semanasantamarbella.com\/semanasanta\/wp-json\/wp\/v2\/pages\/1860\/revisions"}],"predecessor-version":[{"id":4295,"href":"http:\/\/www.semanasantamarbella.com\/semanasanta\/wp-json\/wp\/v2\/pages\/1860\/revisions\/4295"}],"wp:attachment":[{"href":"http:\/\/www.semanasantamarbella.com\/semanasanta\/wp-json\/wp\/v2\/media?parent=1860"}],"curies":[{"name":"wp","href":"https:\/\/api.w.org\/{rel}","templated":true}]}}